{"id":68,"date":"2009-10-04T21:36:03","date_gmt":"2009-10-04T19:36:03","guid":{"rendered":"http:\/\/www.caivarazze.it\/?page_id=68"},"modified":"2025-10-02T21:06:09","modified_gmt":"2025-10-02T19:06:09","slug":"contattaci","status":"publish","type":"page","link":"https:\/\/www.caivarazze.it\/?page_id=68","title":{"rendered":"Contatti 2025"},"content":{"rendered":"<p style=\"text-align: center; color: #000000;\"><strong>La sede \u00e8 aperta il marted\u00ec e il venerd\u00ec dalle 21:00 alle 23:00.<\/strong><\/p>\n<p style=\"text-align: center;\"><a href=\"https:\/\/www.caivarazze.it\/wp-content\/uploads\/2009\/09\/cartina1.gif\"><img loading=\"lazy\" decoding=\"async\" class=\"aligncenter size-full wp-image-5\" src=\"https:\/\/www.caivarazze.it\/wp-content\/uploads\/2009\/09\/cartina1.gif\" alt=\"cartina\" width=\"488\" height=\"346\" \/><\/a><\/p>\n<p style=\"text-align: center;\"><strong> C.A.I. Sezione di Varazze &#8211; Corso Colombo, 12 &#8211; 17019 Varazze (Savona)<\/strong><\/p>\n<p style=\"text-align: center;\">Tel.\/Fax: 370.313.8429<br \/>\nE-mail: <a href=\"mailto:info@caivarazze.it\">info[at]caivarazze.it<\/a><\/p>\n","protected":false},"excerpt":{"rendered":"<p>La sede \u00e8 aperta il marted\u00ec e il venerd\u00ec dalle 21:00 alle 23:00. C.A.I. Sezione di Varazze &#8211; Corso Colombo, 12 &#8211; 17019 Varazze (Savona) Tel.\/Fax: 370.313.8429 E-mail: info[at]caivarazze.it<\/p>\n","protected":false},"author":3,"featured_media":0,"parent":0,"menu_order":0,"comment_status":"closed","ping_status":"closed","template":"","meta":{"footnotes":""},"class_list":["post-68","page","type-page","status-publish","hentry","post"],"_links":{"self":[{"href":"https:\/\/www.caivarazze.it\/index.php?rest_route=\/wp\/v2\/pages\/68","targetHints":{"allow":["GET"]}}],"collection":[{"href":"https:\/\/www.caivarazze.it\/index.php?rest_route=\/wp\/v2\/pages"}],"about":[{"href":"https:\/\/www.caivarazze.it\/index.php?rest_route=\/wp\/v2\/types\/page"}],"author":[{"embeddable":true,"href":"https:\/\/www.caivarazze.it\/index.php?rest_route=\/wp\/v2\/users\/3"}],"replies":[{"embeddable":true,"href":"https:\/\/www.caivarazze.it\/index.php?rest_route=%2Fwp%2Fv2%2Fcomments&post=68"}],"version-history":[{"count":2,"href":"https:\/\/www.caivarazze.it\/index.php?rest_route=\/wp\/v2\/pages\/68\/revisions"}],"predecessor-version":[{"id":10382,"href":"https:\/\/www.caivarazze.it\/index.php?rest_route=\/wp\/v2\/pages\/68\/revisions\/10382"}],"wp:attachment":[{"href":"https:\/\/www.caivarazze.it\/index.php?rest_route=%2Fwp%2Fv2%2Fmedia&parent=68"}],"curies":[{"name":"wp","href":"https:\/\/api.w.org\/{rel}","templated":true}]}}